{"id":215,"date":"2021-06-24T11:47:43","date_gmt":"2021-06-24T09:47:43","guid":{"rendered":"https:\/\/www.julia-linz-heilmasseurin.at\/?page_id=215"},"modified":"2022-03-10T16:09:27","modified_gmt":"2022-03-10T15:09:27","slug":"patienteninformation","status":"publish","type":"page","link":"https:\/\/www.julia-linz-heilmasseurin.at\/?page_id=215","title":{"rendered":"Patienteninformation"},"content":{"rendered":"<p>[et_pb_section fb_built=&#8220;1&#8243; custom_padding_last_edited=&#8220;on|phone&#8220; _builder_version=&#8220;4.5.8&#8243; custom_margin=&#8220;||0px||false|false&#8220; custom_padding=&#8220;30px||0px||false|false&#8220; custom_padding_tablet=&#8220;15px||||false|false&#8220; custom_padding_phone=&#8220;&#8220;][et_pb_row _builder_version=&#8220;3.25&#8243; custom_margin=&#8220;||0px|&#8220; custom_padding=&#8220;0||0px||false|false&#8220;][et_pb_column type=&#8220;4_4&#8243; _builder_version=&#8220;3.25&#8243; custom_padding=&#8220;|||&#8220; custom_padding__hover=&#8220;|||&#8220;][et_pb_text disabled_on=&#8220;on|off|off&#8220; _builder_version=&#8220;4.8.2&#8243;]<\/p>\n<h1>Patienteninformation<\/h1>\n<p>[\/et_pb_text][et_pb_text disabled_on=&#8220;off|on|on&#8220; _builder_version=&#8220;4.8.2&#8243; header_2_font_size=&#8220;24px&#8220;]<\/p>\n<h2>Patienteninformation<\/h2>\n<p>[\/et_pb_text][\/et_pb_column][\/et_pb_row][\/et_pb_section][et_pb_section fb_built=&#8220;1&#8243; disabled_on=&#8220;off|off|&#8220; admin_label=&#8220;Sektion Text Patienteninformation&#8220; module_id=&#8220;klapp-technik&#8220; _builder_version=&#8220;4.8.2&#8243; custom_padding=&#8220;2px|0px|2px|0px|false|false&#8220;][et_pb_row _builder_version=&#8220;4.8.2&#8243; _module_preset=&#8220;default&#8220;][et_pb_column type=&#8220;4_4&#8243; _builder_version=&#8220;4.8.2&#8243; _module_preset=&#8220;default&#8220;][et_pb_text admin_label=&#8220;Text Patienteninformation&#8220; _builder_version=&#8220;4.8.2&#8243; header_2_font_size=&#8220;22px&#8220;]<\/p>\n<h2>Erstbehandlung<\/h2>\n<p style=\"text-align: justify;\">Zu Ihren ersten Termin bringen Sie bitte folgende Unterlagen mit:<\/p>\n<ul>\n<li>Aktuelle Verordnung von Ihrem Hausarzt oder Facharzt (f\u00fcr eine teilweise Kostenerstattung von der Krankenkasse muss die Verordnung vorab bewilligt werden)<\/li>\n<li>Ihre aktuellen Befunde (R\u00f6ntgen, MRT, CT, Arztbrief, OP-Berichte, etc.)<\/li>\n<\/ul>\n<h2><\/h2>\n<h2>Kosten<\/h2>\n<p style=\"text-align: justify;\">Die jeweiligen Behandlungskosten sind jeweils direkt nach der Therapie in bar zu bezahlen. Bez\u00fcglich der jeweiligen Kosten informiere ich Sie gerne vor der Behandlungsserie.<\/p>\n<h2><\/h2>\n<h2>R\u00fcckerstattung von Ihrer Krankenkasse bzw. Ihrer privaten Zusatzversicherung<\/h2>\n<p style=\"text-align: justify;\">Ein Teil der Behandlungskosten kann von Ihrer Krankenkasse \u00fcbernommen werden, wenn die Verordnung VOR Behandlungsbeginn chef\u00e4rztlich bewilligt wurde. Die H\u00f6he der R\u00fcckerstattung ist abh\u00e4ngig von den jeweiligen Tarifen Ihrer Krankenkasse. Private Zusatzversicherung k\u00f6nnen weitere R\u00fcckerstattungen je nach Leistungsumfang Ihrer Zusatzversicherung erm\u00f6glich.<\/p>\n<h2><\/h2>\n<h2>Abrechnung<\/h2>\n<p style=\"text-align: justify;\">Sie k\u00f6nnen zwischen einer Abrechnung nach jeder Therapie oder einer Sammelrechnung nach Beendigung der Behandlungsserie w\u00e4hlen. Geben Sie mir dies bitte bei der Terminvereinbarung bekannt.<\/p>\n<p>[\/et_pb_text][et_pb_text _builder_version=&#8220;4.8.2&#8243; _module_preset=&#8220;default&#8220; header_3_font_size=&#8220;20px&#8220; header_3_line_height=&#8220;1.2em&#8220;]<\/p>\n<h3>Achtung<\/h3>\n<p style=\"text-align: justify;\">Es kann immer etwas dazwischen kommen. Wenn Sie daher einen vereinbarten Termin nicht wahrnehmen k\u00f6nnen, sagen Sie diesen bitte unbedingt ab.\u00a0F\u00fcr nicht wahrgenommene Termine ohne Absage m\u00fcssen die Kosten zur G\u00e4nze verrechnet werden, sofern die Termine nicht 24 Stunden im Voraus pers\u00f6nlich oder telefonisch (nicht per E-mail) abgesagt wurden.\u00a0Sollten Sie es nicht rechtzeitig zu einem Termin schaffen, wird die vereinbarte Behandlungs-\/Therapiezeit vollumf\u00e4nglich in Rechnung gestellt.<\/p>\n<p>[\/et_pb_text][\/et_pb_column][\/et_pb_row][\/et_pb_section][et_pb_section fb_built=&#8220;1&#8243; disabled_on=&#8220;on|off|off&#8220; admin_label=&#8220;Sektion Kontakt&#8220; _builder_version=&#8220;4.8.2&#8243; custom_padding=&#8220;40px|0px|1px|0px|false|false&#8220; global_module=&#8220;128&#8243; saved_tabs=&#8220;all&#8220;][et_pb_row column_structure=&#8220;1_2,1_4,1_4&#8243; _builder_version=&#8220;4.8.2&#8243; background_size=&#8220;initial&#8220; background_position=&#8220;top_left&#8220; background_repeat=&#8220;repeat&#8220; custom_padding=&#8220;5px|0|5px|0px|false|false&#8220;][et_pb_column type=&#8220;1_2&#8243; _builder_version=&#8220;3.25&#8243; custom_padding=&#8220;|||&#8220; custom_padding__hover=&#8220;|||&#8220;][et_pb_text admin_label=&#8220;Kontakt &#8211; Desktop&#8220; _builder_version=&#8220;4.8.2&#8243; header_font=&#8220;||||||||&#8220; header_2_font=&#8220;||||||||&#8220; header_2_line_height=&#8220;1.2em&#8220;]<\/p>\n<h2>Kontaktieren Sie mich<\/h2>\n<p>[\/et_pb_text][et_pb_text _builder_version=&#8220;4.8.2&#8243; custom_margin=&#8220;|0px||&#8220; custom_margin_tablet=&#8220;&#8220; custom_margin_phone=&#8220;&#8220; custom_margin_last_edited=&#8220;on|desktop&#8220;]<\/p>\n<p style=\"text-align: justify;\">Sie interessieren sich f\u00fcr eine Behandlung?<br \/> Wenn Sie mehr \u00fcber den Ablauf und die M\u00f6glichkeiten von den f\u00fcr Sie in Frage kommenden Behandlungen wissen m\u00f6chten, kontaktieren Sie mich. Ich stehe Ihnen gerne zur Verf\u00fcgung.<\/p>\n<p style=\"text-align: justify;\">Rufen Sie mich f\u00fcr Ihre Anfrage oder Ihre pers\u00f6nliche Terminvereinbarung an:<br \/> <strong>Montag &#8211; Freitag 8.00 &#8211; 18.00 Uhr<\/strong><\/p>\n<p>Ich freue mich auf Ihren Anruf.<\/p>\n<p>Ihre Julia Linz<\/p>\n<p>&nbsp;<\/p>\n<p>[\/et_pb_text][\/et_pb_column][et_pb_column type=&#8220;1_4&#8243; _builder_version=&#8220;3.25&#8243; custom_padding=&#8220;|||&#8220; custom_padding__hover=&#8220;|||&#8220;][et_pb_image src=&#8220;https:\/\/www.julia-linz-heilmasseurin.at\/wp-content\/uploads\/2021\/06\/JL_Handy.jpg&#8220; title_text=&#8220;JL_Handy&#8220; url=&#8220;tel:+436645279370&#8243; url_new_window=&#8220;on&#8220; align=&#8220;center&#8220; align_tablet=&#8220;center&#8220; align_phone=&#8220;&#8220; align_last_edited=&#8220;on|desktop&#8220; _builder_version=&#8220;4.8.2&#8243; max_width=&#8220;27%&#8220; module_alignment=&#8220;center&#8220; custom_margin=&#8220;0px|||&#8220; custom_padding=&#8220;75px|||&#8220; custom_padding_tablet=&#8220;10px||||false|false&#8220; custom_padding_phone=&#8220;0px||||false|false&#8220; custom_padding_last_edited=&#8220;on|tablet&#8220;][\/et_pb_image][et_pb_text _builder_version=&#8220;4.8.2&#8243;]<\/p>\n<p style=\"text-align: center;\"><a href=\"tel:+43\u00a0664 5279370\">+43\u00a0<span lang=\"DE\">664 5279370 <\/span><\/a><\/p>\n<p style=\"text-align: center;\">[\/et_pb_text][\/et_pb_column][et_pb_column type=&#8220;1_4&#8243; _builder_version=&#8220;3.25&#8243; custom_padding=&#8220;|||&#8220; custom_padding__hover=&#8220;|||&#8220;][et_pb_image src=&#8220;https:\/\/www.julia-linz-heilmasseurin.at\/wp-content\/uploads\/2021\/06\/JL_Map_Pin.jpg&#8220; title_text=&#8220;JL_Map_Pin&#8220; url=&#8220;https:\/\/goo.gl\/maps\/AzfBYpLmQvQ7vJwF7&#8243; align=&#8220;center&#8220; align_tablet=&#8220;center&#8220; align_phone=&#8220;&#8220; align_last_edited=&#8220;on|desktop&#8220; disabled_on=&#8220;on|on|off&#8220; admin_label=&#8220;Map Pin Desktop&#8220; _builder_version=&#8220;4.8.2&#8243; max_width=&#8220;42%&#8220; module_alignment=&#8220;center&#8220; custom_margin_tablet=&#8220;&#8220; custom_margin_phone=&#8220;&#8220; custom_margin_last_edited=&#8220;on|desktop&#8220; custom_padding=&#8220;75px||||false|false&#8220;][\/et_pb_image][et_pb_image src=&#8220;https:\/\/www.julia-linz-heilmasseurin.at\/wp-content\/uploads\/2021\/06\/JL_Map_Pin.jpg&#8220; title_text=&#8220;JL_Map_Pin&#8220; url=&#8220;https:\/\/goo.gl\/maps\/AzfBYpLmQvQ7vJwF7&#8243; align=&#8220;center&#8220; align_tablet=&#8220;center&#8220; align_phone=&#8220;&#8220; align_last_edited=&#8220;on|desktop&#8220; disabled_on=&#8220;on|off|on&#8220; admin_label=&#8220;Map Pin Tablet&#8220; _builder_version=&#8220;4.8.2&#8243; max_width=&#8220;42%&#8220; module_alignment=&#8220;center&#8220; custom_margin=&#8220;0px||||false|false&#8220; custom_margin_tablet=&#8220;&#8220; custom_margin_phone=&#8220;&#8220; custom_margin_last_edited=&#8220;on|desktop&#8220; custom_padding=&#8220;1px||||false|false&#8220;][\/et_pb_image][et_pb_text _builder_version=&#8220;4.8.2&#8243; text_font=&#8220;||||||||&#8220; text_text_color=&#8220;#5bc235&#8243;]<\/p>\n<div style=\"text-align: center;\"><a href=\"https:\/\/goo.gl\/maps\/AzfBYpLmQvQ7vJwF7\"><span lang=\"DE\">Schwarzengr\u00fcndgasse 14, <\/span><\/a><\/div>\n<div style=\"text-align: center;\"><a href=\"https:\/\/goo.gl\/maps\/AzfBYpLmQvQ7vJwF7\"><span lang=\"DE\">2734 Puchberg am Schneeberg<\/span><\/a><\/div>\n<p>[\/et_pb_text][\/et_pb_column][\/et_pb_row][\/et_pb_section][et_pb_section fb_built=&#8220;1&#8243; disabled_on=&#8220;off|on|on&#8220; admin_label=&#8220;Sektion Kontakt Smartphone&#8220; _builder_version=&#8220;4.8.2&#8243; custom_padding=&#8220;40px|0px|1px|0px|false|false&#8220; global_module=&#8220;333&#8243; saved_tabs=&#8220;all&#8220;][et_pb_row _builder_version=&#8220;3.25&#8243; background_size=&#8220;initial&#8220; background_position=&#8220;top_left&#8220; background_repeat=&#8220;repeat&#8220; custom_padding=&#8220;6px|0|0|0px|false|false&#8220;][et_pb_column type=&#8220;4_4&#8243; _builder_version=&#8220;3.25&#8243; custom_padding=&#8220;|||&#8220; custom_padding__hover=&#8220;|||&#8220;][et_pb_text admin_label=&#8220;Kontakt &#8211; Desktop&#8220; _builder_version=&#8220;4.8.2&#8243; header_font=&#8220;||||||||&#8220; header_2_font=&#8220;||||||||&#8220; header_2_font_size=&#8220;25px&#8220; header_2_line_height=&#8220;1.2em&#8220;]<\/p>\n<h2>Kontaktieren Sie mich<\/h2>\n<p>[\/et_pb_text][et_pb_text _builder_version=&#8220;4.8.2&#8243; custom_margin=&#8220;||||false|false&#8220; custom_margin_tablet=&#8220;&#8220; custom_margin_phone=&#8220;&#8220; custom_margin_last_edited=&#8220;on|desktop&#8220; custom_padding=&#8220;0px||||false|false&#8220;]<\/p>\n<p style=\"text-align: justify;\">Sie interessieren sich f\u00fcr eine Behandlung?<br \/> Wenn Sie mehr \u00fcber den Ablauf und die M\u00f6glichkeiten von den f\u00fcr Sie in Frage kommenden Behandlungen wissen m\u00f6chten, kontaktieren Sie mich. Ich stehe Ihnen gerne zur Verf\u00fcgung.<\/p>\n<p style=\"text-align: justify;\">Rufen Sie mich f\u00fcr Ihre Anfrage oder Ihre pers\u00f6nliche Terminvereinbarung an:<br \/> <strong>Montag &#8211; Freitag 8.00 &#8211; 18.00 Uhr<\/strong><\/p>\n<p>Ich freue mich auf Ihren Anruf.<\/p>\n<p>Ihre Julia Linz<\/p>\n<p>&nbsp;<\/p>\n<p>[\/et_pb_text][et_pb_image src=&#8220;https:\/\/www.julia-linz-heilmasseurin.at\/wp-content\/uploads\/2021\/06\/JL_Handy.jpg&#8220; title_text=&#8220;JL_Handy&#8220; url=&#8220;tel:+436645279370&#8243; url_new_window=&#8220;on&#8220; align=&#8220;center&#8220; align_tablet=&#8220;center&#8220; align_phone=&#8220;&#8220; align_last_edited=&#8220;on|desktop&#8220; _builder_version=&#8220;4.8.2&#8243; max_width=&#8220;27%&#8220; module_alignment=&#8220;center&#8220; custom_margin=&#8220;0px|||&#8220; custom_padding=&#8220;15px||||false|false&#8220; custom_padding_tablet=&#8220;5px||||false|false&#8220; custom_padding_phone=&#8220;0px||||false|false&#8220; custom_padding_last_edited=&#8220;on|tablet&#8220;][\/et_pb_image][et_pb_text _builder_version=&#8220;4.8.2&#8243;]<\/p>\n<p style=\"text-align: center;\"><a href=\"tel:+43\u00a0664 5279370\">+43\u00a0<span lang=\"DE\">664 5279370 <\/span><\/a><\/p>\n<p style=\"text-align: center;\">[\/et_pb_text][et_pb_image src=&#8220;https:\/\/www.julia-linz-heilmasseurin.at\/wp-content\/uploads\/2021\/06\/JL_Map_Pin.jpg&#8220; title_text=&#8220;JL_Map_Pin&#8220; url=&#8220;https:\/\/goo.gl\/maps\/AzfBYpLmQvQ7vJwF7&#8243; align=&#8220;center&#8220; align_tablet=&#8220;center&#8220; align_phone=&#8220;&#8220; align_last_edited=&#8220;on|desktop&#8220; _builder_version=&#8220;4.8.2&#8243; max_width=&#8220;42%&#8220; module_alignment=&#8220;center&#8220; custom_margin_tablet=&#8220;&#8220; custom_margin_phone=&#8220;&#8220; custom_margin_last_edited=&#8220;on|desktop&#8220; custom_padding=&#8220;10px||||false|false&#8220;][\/et_pb_image][et_pb_text _builder_version=&#8220;4.8.2&#8243; text_font=&#8220;||||||||&#8220; text_text_color=&#8220;#5bc235&#8243; custom_margin=&#8220;||15px||false|false&#8220; custom_padding=&#8220;||||false|false&#8220;]<\/p>\n<div style=\"text-align: center;\"><a href=\"https:\/\/goo.gl\/maps\/AzfBYpLmQvQ7vJwF7\"><span lang=\"DE\">Schwarzengr\u00fcndgasse 14, <\/span><\/a><\/div>\n<div style=\"text-align: center;\"><a href=\"https:\/\/goo.gl\/maps\/AzfBYpLmQvQ7vJwF7\"><span lang=\"DE\">2734 Puchberg am Schneeberg<\/span><\/a><\/div>\n<p>[\/et_pb_text][\/et_pb_column][\/et_pb_row][\/et_pb_section]<\/p>\n","protected":false},"excerpt":{"rendered":"<p>[et_pb_section fb_built=&#8220;1&#8243; custom_padding_last_edited=&#8220;on|phone&#8220; _builder_version=&#8220;4.5.8&#8243; custom_margin=&#8220;||0px||false|false&#8220; custom_padding=&#8220;30px||0px||false|false&#8220; custom_padding_tablet=&#8220;15px||||false|false&#8220; custom_padding_phone=&#8220;&#8220;][et_pb_row _builder_version=&#8220;3.25&#8243; custom_margin=&#8220;||0px|&#8220; custom_padding=&#8220;0||0px||false|false&#8220;][et_pb_column type=&#8220;4_4&#8243; _builder_version=&#8220;3.25&#8243; custom_padding=&#8220;|||&#8220; custom_padding__hover=&#8220;|||&#8220;][et_pb_text disabled_on=&#8220;on|off|off&#8220; _builder_version=&#8220;4.8.2&#8243;] Patienteninformation [\/et_pb_text][et_pb_text disabled_on=&#8220;off|on|on&#8220; _builder_version=&#8220;4.8.2&#8243; header_2_font_size=&#8220;24px&#8220;] Patienteninformation [\/et_pb_text][\/et_pb_column][\/et_pb_row][\/et_pb_section][et_pb_section fb_built=&#8220;1&#8243; disabled_on=&#8220;off|off|&#8220; admin_label=&#8220;Sektion Text Patienteninformation&#8220; module_id=&#8220;klapp-technik&#8220; _builder_version=&#8220;4.8.2&#8243; custom_padding=&#8220;2px|0px|2px|0px|false|false&#8220;][et_pb_row _builder_version=&#8220;4.8.2&#8243; _module_preset=&#8220;default&#8220;][et_pb_column type=&#8220;4_4&#8243; _builder_version=&#8220;4.8.2&#8243; _module_preset=&#8220;default&#8220;][et_pb_text admin_label=&#8220;Text Patienteninformation&#8220; _builder_version=&#8220;4.8.2&#8243; header_2_font_size=&#8220;22px&#8220;] Erstbehandlung Zu Ihren ersten Termin bringen Sie bitte folgende Unterlagen mit: Aktuelle Verordnung von [&hellip;]<\/p>\n","protected":false},"author":1,"featured_media":0,"parent":0,"menu_order":0,"comment_status":"closed","ping_status":"closed","template":"","meta":{"_et_pb_use_builder":"on","_et_pb_old_content":"","_et_gb_content_width":"","footnotes":""},"class_list":["post-215","page","type-page","status-publish","hentry"],"yoast_head":"<!-- This site is optimized with the Yoast SEO plugin v27.3 - https:\/\/yoast.com\/product\/yoast-seo-wordpress\/ -->\n<title>Patienteninformation - Julia Linz - Heilmasseurin<\/title>\n<meta name=\"description\" content=\"Patienteninformation - Was sollten Sie mitbringen? Wie erfolgt die Abrechnung? Was erwartet Sie? Ich freue mich auf Sie!\" \/>\n<meta name=\"robots\" content=\"index, follow, max-snippet:-1, max-image-preview:large, max-video-preview:-1\" \/>\n<link rel=\"canonical\" href=\"https:\/\/www.julia-linz-heilmasseurin.at\/?page_id=215\" \/>\n<meta property=\"og:locale\" content=\"de_DE\" \/>\n<meta property=\"og:type\" content=\"article\" \/>\n<meta property=\"og:title\" content=\"Patienteninformation - Julia Linz - Heilmasseurin\" \/>\n<meta property=\"og:description\" content=\"Patienteninformation - Was sollten Sie mitbringen? Wie erfolgt die Abrechnung? Was erwartet Sie? Ich freue mich auf Sie!\" \/>\n<meta property=\"og:url\" content=\"https:\/\/www.julia-linz-heilmasseurin.at\/?page_id=215\" \/>\n<meta property=\"og:site_name\" content=\"Julia Linz - Heilmasseurin\" \/>\n<meta property=\"article:modified_time\" content=\"2022-03-10T15:09:27+00:00\" \/>\n<meta name=\"twitter:card\" content=\"summary_large_image\" \/>\n<meta name=\"twitter:label1\" content=\"Gesch\u00e4tzte Lesezeit\" \/>\n\t<meta name=\"twitter:data1\" content=\"6\u00a0Minuten\" \/>\n<script type=\"application\/ld+json\" class=\"yoast-schema-graph\">{\"@context\":\"https:\\\/\\\/schema.org\",\"@graph\":[{\"@type\":\"WebPage\",\"@id\":\"https:\\\/\\\/www.julia-linz-heilmasseurin.at\\\/?page_id=215\",\"url\":\"https:\\\/\\\/www.julia-linz-heilmasseurin.at\\\/?page_id=215\",\"name\":\"Patienteninformation - Julia Linz - Heilmasseurin\",\"isPartOf\":{\"@id\":\"https:\\\/\\\/www.julia-linz-heilmasseurin.at\\\/#website\"},\"datePublished\":\"2021-06-24T09:47:43+00:00\",\"dateModified\":\"2022-03-10T15:09:27+00:00\",\"description\":\"Patienteninformation - Was sollten Sie mitbringen? Wie erfolgt die Abrechnung? Was erwartet Sie? Ich freue mich auf Sie!\",\"breadcrumb\":{\"@id\":\"https:\\\/\\\/www.julia-linz-heilmasseurin.at\\\/?page_id=215#breadcrumb\"},\"inLanguage\":\"de\",\"potentialAction\":[{\"@type\":\"ReadAction\",\"target\":[\"https:\\\/\\\/www.julia-linz-heilmasseurin.at\\\/?page_id=215\"]}]},{\"@type\":\"BreadcrumbList\",\"@id\":\"https:\\\/\\\/www.julia-linz-heilmasseurin.at\\\/?page_id=215#breadcrumb\",\"itemListElement\":[{\"@type\":\"ListItem\",\"position\":1,\"name\":\"Startseite\",\"item\":\"https:\\\/\\\/www.julia-linz-heilmasseurin.at\\\/\"},{\"@type\":\"ListItem\",\"position\":2,\"name\":\"Patienteninformation\"}]},{\"@type\":\"WebSite\",\"@id\":\"https:\\\/\\\/www.julia-linz-heilmasseurin.at\\\/#website\",\"url\":\"https:\\\/\\\/www.julia-linz-heilmasseurin.at\\\/\",\"name\":\"Julia Linz - Heilmasseurin\",\"description\":\"F\u00fcr Ihr Wohlbefinden\",\"publisher\":{\"@id\":\"https:\\\/\\\/www.julia-linz-heilmasseurin.at\\\/#\\\/schema\\\/person\\\/48d458455a16a3010e5dd108b3031306\"},\"potentialAction\":[{\"@type\":\"SearchAction\",\"target\":{\"@type\":\"EntryPoint\",\"urlTemplate\":\"https:\\\/\\\/www.julia-linz-heilmasseurin.at\\\/?s={search_term_string}\"},\"query-input\":{\"@type\":\"PropertyValueSpecification\",\"valueRequired\":true,\"valueName\":\"search_term_string\"}}],\"inLanguage\":\"de\"},{\"@type\":[\"Person\",\"Organization\"],\"@id\":\"https:\\\/\\\/www.julia-linz-heilmasseurin.at\\\/#\\\/schema\\\/person\\\/48d458455a16a3010e5dd108b3031306\",\"name\":\"Julia Linz\",\"image\":{\"@type\":\"ImageObject\",\"inLanguage\":\"de\",\"@id\":\"https:\\\/\\\/secure.gravatar.com\\\/avatar\\\/3d5fd57f51ca954461691ac2ec81cdddf3c7ee5e8bf87eefe4530a3ed7499540?s=96&d=mm&r=g\",\"url\":\"https:\\\/\\\/secure.gravatar.com\\\/avatar\\\/3d5fd57f51ca954461691ac2ec81cdddf3c7ee5e8bf87eefe4530a3ed7499540?s=96&d=mm&r=g\",\"contentUrl\":\"https:\\\/\\\/secure.gravatar.com\\\/avatar\\\/3d5fd57f51ca954461691ac2ec81cdddf3c7ee5e8bf87eefe4530a3ed7499540?s=96&d=mm&r=g\",\"caption\":\"Julia Linz\"},\"logo\":{\"@id\":\"https:\\\/\\\/secure.gravatar.com\\\/avatar\\\/3d5fd57f51ca954461691ac2ec81cdddf3c7ee5e8bf87eefe4530a3ed7499540?s=96&d=mm&r=g\"}}]}<\/script>\n<!-- \/ Yoast SEO plugin. -->","yoast_head_json":{"title":"Patienteninformation - Julia Linz - Heilmasseurin","description":"Patienteninformation - Was sollten Sie mitbringen? Wie erfolgt die Abrechnung? Was erwartet Sie? Ich freue mich auf Sie!","robots":{"index":"index","follow":"follow","max-snippet":"max-snippet:-1","max-image-preview":"max-image-preview:large","max-video-preview":"max-video-preview:-1"},"canonical":"https:\/\/www.julia-linz-heilmasseurin.at\/?page_id=215","og_locale":"de_DE","og_type":"article","og_title":"Patienteninformation - Julia Linz - Heilmasseurin","og_description":"Patienteninformation - Was sollten Sie mitbringen? Wie erfolgt die Abrechnung? Was erwartet Sie? Ich freue mich auf Sie!","og_url":"https:\/\/www.julia-linz-heilmasseurin.at\/?page_id=215","og_site_name":"Julia Linz - Heilmasseurin","article_modified_time":"2022-03-10T15:09:27+00:00","twitter_card":"summary_large_image","twitter_misc":{"Gesch\u00e4tzte Lesezeit":"6\u00a0Minuten"},"schema":{"@context":"https:\/\/schema.org","@graph":[{"@type":"WebPage","@id":"https:\/\/www.julia-linz-heilmasseurin.at\/?page_id=215","url":"https:\/\/www.julia-linz-heilmasseurin.at\/?page_id=215","name":"Patienteninformation - Julia Linz - Heilmasseurin","isPartOf":{"@id":"https:\/\/www.julia-linz-heilmasseurin.at\/#website"},"datePublished":"2021-06-24T09:47:43+00:00","dateModified":"2022-03-10T15:09:27+00:00","description":"Patienteninformation - Was sollten Sie mitbringen? Wie erfolgt die Abrechnung? Was erwartet Sie? Ich freue mich auf Sie!","breadcrumb":{"@id":"https:\/\/www.julia-linz-heilmasseurin.at\/?page_id=215#breadcrumb"},"inLanguage":"de","potentialAction":[{"@type":"ReadAction","target":["https:\/\/www.julia-linz-heilmasseurin.at\/?page_id=215"]}]},{"@type":"BreadcrumbList","@id":"https:\/\/www.julia-linz-heilmasseurin.at\/?page_id=215#breadcrumb","itemListElement":[{"@type":"ListItem","position":1,"name":"Startseite","item":"https:\/\/www.julia-linz-heilmasseurin.at\/"},{"@type":"ListItem","position":2,"name":"Patienteninformation"}]},{"@type":"WebSite","@id":"https:\/\/www.julia-linz-heilmasseurin.at\/#website","url":"https:\/\/www.julia-linz-heilmasseurin.at\/","name":"Julia Linz - Heilmasseurin","description":"F\u00fcr Ihr Wohlbefinden","publisher":{"@id":"https:\/\/www.julia-linz-heilmasseurin.at\/#\/schema\/person\/48d458455a16a3010e5dd108b3031306"},"potentialAction":[{"@type":"SearchAction","target":{"@type":"EntryPoint","urlTemplate":"https:\/\/www.julia-linz-heilmasseurin.at\/?s={search_term_string}"},"query-input":{"@type":"PropertyValueSpecification","valueRequired":true,"valueName":"search_term_string"}}],"inLanguage":"de"},{"@type":["Person","Organization"],"@id":"https:\/\/www.julia-linz-heilmasseurin.at\/#\/schema\/person\/48d458455a16a3010e5dd108b3031306","name":"Julia Linz","image":{"@type":"ImageObject","inLanguage":"de","@id":"https:\/\/secure.gravatar.com\/avatar\/3d5fd57f51ca954461691ac2ec81cdddf3c7ee5e8bf87eefe4530a3ed7499540?s=96&d=mm&r=g","url":"https:\/\/secure.gravatar.com\/avatar\/3d5fd57f51ca954461691ac2ec81cdddf3c7ee5e8bf87eefe4530a3ed7499540?s=96&d=mm&r=g","contentUrl":"https:\/\/secure.gravatar.com\/avatar\/3d5fd57f51ca954461691ac2ec81cdddf3c7ee5e8bf87eefe4530a3ed7499540?s=96&d=mm&r=g","caption":"Julia Linz"},"logo":{"@id":"https:\/\/secure.gravatar.com\/avatar\/3d5fd57f51ca954461691ac2ec81cdddf3c7ee5e8bf87eefe4530a3ed7499540?s=96&d=mm&r=g"}}]}},"_links":{"self":[{"href":"https:\/\/www.julia-linz-heilmasseurin.at\/index.php?rest_route=\/wp\/v2\/pages\/215","targetHints":{"allow":["GET"]}}],"collection":[{"href":"https:\/\/www.julia-linz-heilmasseurin.at\/index.php?rest_route=\/wp\/v2\/pages"}],"about":[{"href":"https:\/\/www.julia-linz-heilmasseurin.at\/index.php?rest_route=\/wp\/v2\/types\/page"}],"author":[{"embeddable":true,"href":"https:\/\/www.julia-linz-heilmasseurin.at\/index.php?rest_route=\/wp\/v2\/users\/1"}],"replies":[{"embeddable":true,"href":"https:\/\/www.julia-linz-heilmasseurin.at\/index.php?rest_route=%2Fwp%2Fv2%2Fcomments&post=215"}],"version-history":[{"count":17,"href":"https:\/\/www.julia-linz-heilmasseurin.at\/index.php?rest_route=\/wp\/v2\/pages\/215\/revisions"}],"predecessor-version":[{"id":421,"href":"https:\/\/www.julia-linz-heilmasseurin.at\/index.php?rest_route=\/wp\/v2\/pages\/215\/revisions\/421"}],"wp:attachment":[{"href":"https:\/\/www.julia-linz-heilmasseurin.at\/index.php?rest_route=%2Fwp%2Fv2%2Fmedia&parent=215"}],"curies":[{"name":"wp","href":"https:\/\/api.w.org\/{rel}","templated":true}]}}