{"id":12,"date":"2021-02-01T12:09:38","date_gmt":"2021-02-01T11:09:38","guid":{"rendered":"http:\/\/www.julia-linz-heilmasseurin.at\/?page_id=12"},"modified":"2024-02-15T20:03:31","modified_gmt":"2024-02-15T19:03:31","slug":"angebot","status":"publish","type":"page","link":"https:\/\/www.julia-linz-heilmasseurin.at\/?page_id=12","title":{"rendered":"Angebot"},"content":{"rendered":"<p>[et_pb_section fb_built=&#8220;1&#8243; custom_padding_last_edited=&#8220;on|phone&#8220; _builder_version=&#8220;4.5.8&#8243; custom_margin=&#8220;||0px||false|false&#8220; custom_padding=&#8220;30px||0px||false|false&#8220; custom_padding_tablet=&#8220;15px||||false|false&#8220; custom_padding_phone=&#8220;&#8220;][et_pb_row _builder_version=&#8220;3.25&#8243; custom_margin=&#8220;||0px|&#8220; custom_padding=&#8220;0||0px||false|false&#8220;][et_pb_column type=&#8220;4_4&#8243; _builder_version=&#8220;3.25&#8243; custom_padding=&#8220;|||&#8220; custom_padding__hover=&#8220;|||&#8220;][et_pb_text _builder_version=&#8220;4.8.2&#8243;]<\/p>\n<h1>Mein Angebot<\/h1>\n<p>[\/et_pb_text][\/et_pb_column][\/et_pb_row][\/et_pb_section][et_pb_section fb_built=&#8220;1&#8243; disabled_on=&#8220;off|off|&#8220; admin_label=&#8220;Sektion Preise&#8220; module_id=&#8220;klapp-technik&#8220; _builder_version=&#8220;4.5.8&#8243; custom_padding=&#8220;2px|0px|2px|0px|false|false&#8220;][et_pb_row column_structure=&#8220;1_3,2_3&#8243; _builder_version=&#8220;4.8.2&#8243; _module_preset=&#8220;default&#8220;][et_pb_column type=&#8220;1_3&#8243; _builder_version=&#8220;4.8.2&#8243; _module_preset=&#8220;default&#8220;][et_pb_image src=&#8220;https:\/\/www.julia-linz-heilmasseurin.at\/wp-content\/uploads\/2021\/02\/Bild_1-scaled.jpg&#8220; title_text=&#8220;Bild_1&#8243; _builder_version=&#8220;4.8.2&#8243; _module_preset=&#8220;default&#8220;][\/et_pb_image][\/et_pb_column][et_pb_column type=&#8220;2_3&#8243; _builder_version=&#8220;4.8.2&#8243; _module_preset=&#8220;default&#8220;][et_pb_text admin_label=&#8220;Text Energetikerin&#8220; _builder_version=&#8220;4.8.2&#8243; header_4_font=&#8220;|700|||||||&#8220; header_4_text_color=&#8220;#6c875e&#8220; header_4_font_size=&#8220;16px&#8220;]<\/p>\n<p><strong>Als Heilmasseurin unterst\u00fctze ich Sie auf dem Weg zu Ihrem Wohlbefinden!<\/strong><\/p>\n<p style=\"text-align: justify;\">Aufgrund meiner Ausbildung als Heilmasseurin und verschiedener zus\u00e4tzlicher Ausbildungen, wie z.B. in der Scenar-Therapie, kann ich mein pers\u00f6nliches Interesse im Bereich der Massagen f\u00fcr Ihr Wohlbefinden, Ihre Beweglichkeit, Ihre Regeneration, Ihren Stressabbau nutzen und Ihnen zu einem besseren Befinden verhelfen.<\/p>\n<p>Mein Angebot umfasst folgende Techniken:<span style=\"font-size: 16px;\">\u00a0<\/span><\/p>\n<ul>\n<li>Heilmassage (mit \u00e4rztlicher Zuweisung!)<\/li>\n<li>Klassische Massage<\/li>\n<li>Lymphdrainage<\/li>\n<li>Narbenentst\u00f6rung<\/li>\n<li>Triggerpunkt-Therapie<\/li>\n<li>Entspannungsmassage<\/li>\n<li>Fussreflexmassage<\/li>\n<li>Bindegewebsmassage<\/li>\n<li>Segmentmassage<\/li>\n<li>Kinesiotaping<\/li>\n<li>Scenar-Therapie<\/li>\n<\/ul>\n<p>&nbsp;<\/p>\n<p><strong>Kosten<\/strong><\/p>\n<h4>Heilmassage:<\/h4>\n<p><span style=\"font-size: 16px; color: #666666;\">30 min. &#8230;. 38\u20ac<\/span><\/p>\n<p>60 min. &#8230;. 70\u20ac<\/p>\n<h4>gewerbliche Massage:<\/h4>\n<p>50 min. &#8230;. 60\u20ac<\/p>\n<h4>Lymphdrainage:<\/h4>\n<p>45 min. &#8230;. 55\u20ac<br \/>60 min. &#8230;. 70\u20ac<\/p>\n<p style=\"text-align: justify;\">Ich freue mich auf Sie und stehe Ihnen gerne mit meinen Massagen und Anwendungen zur Verf\u00fcgung.<\/p>\n<p>[\/et_pb_text][\/et_pb_column][\/et_pb_row][\/et_pb_section][et_pb_section fb_built=&#8220;1&#8243; disabled_on=&#8220;on|off|off&#8220; admin_label=&#8220;Sektion Kontakt&#8220; _builder_version=&#8220;4.8.2&#8243; custom_padding=&#8220;40px|0px|1px|0px|false|false&#8220; global_module=&#8220;128&#8243; saved_tabs=&#8220;all&#8220;][et_pb_row column_structure=&#8220;1_2,1_4,1_4&#8243; _builder_version=&#8220;4.8.2&#8243; background_size=&#8220;initial&#8220; background_position=&#8220;top_left&#8220; background_repeat=&#8220;repeat&#8220; custom_padding=&#8220;5px|0|5px|0px|false|false&#8220;][et_pb_column type=&#8220;1_2&#8243; _builder_version=&#8220;3.25&#8243; custom_padding=&#8220;|||&#8220; custom_padding__hover=&#8220;|||&#8220;][et_pb_text admin_label=&#8220;Kontakt &#8211; Desktop&#8220; _builder_version=&#8220;4.8.2&#8243; header_font=&#8220;||||||||&#8220; header_2_font=&#8220;||||||||&#8220; header_2_line_height=&#8220;1.2em&#8220;]<\/p>\n<h2>Kontaktieren Sie mich<\/h2>\n<p>[\/et_pb_text][et_pb_text _builder_version=&#8220;4.8.2&#8243; custom_margin=&#8220;|0px||&#8220; custom_margin_tablet=&#8220;&#8220; custom_margin_phone=&#8220;&#8220; custom_margin_last_edited=&#8220;on|desktop&#8220;]<\/p>\n<p style=\"text-align: justify;\">Sie interessieren sich f\u00fcr eine Behandlung?<br \/> Wenn Sie mehr \u00fcber den Ablauf und die M\u00f6glichkeiten von den f\u00fcr Sie in Frage kommenden Behandlungen wissen m\u00f6chten, kontaktieren Sie mich. Ich stehe Ihnen gerne zur Verf\u00fcgung.<\/p>\n<p style=\"text-align: justify;\">Rufen Sie mich f\u00fcr Ihre Anfrage oder Ihre pers\u00f6nliche Terminvereinbarung an:<br \/> <strong>Montag &#8211; Freitag 8.00 &#8211; 18.00 Uhr<\/strong><\/p>\n<p>Ich freue mich auf Ihren Anruf.<\/p>\n<p>Ihre Julia Linz<\/p>\n<p>&nbsp;<\/p>\n<p>[\/et_pb_text][\/et_pb_column][et_pb_column type=&#8220;1_4&#8243; _builder_version=&#8220;3.25&#8243; custom_padding=&#8220;|||&#8220; custom_padding__hover=&#8220;|||&#8220;][et_pb_image src=&#8220;https:\/\/www.julia-linz-heilmasseurin.at\/wp-content\/uploads\/2021\/06\/JL_Handy.jpg&#8220; title_text=&#8220;JL_Handy&#8220; url=&#8220;tel:+436645279370&#8243; url_new_window=&#8220;on&#8220; align=&#8220;center&#8220; align_tablet=&#8220;center&#8220; align_phone=&#8220;&#8220; align_last_edited=&#8220;on|desktop&#8220; _builder_version=&#8220;4.8.2&#8243; max_width=&#8220;27%&#8220; module_alignment=&#8220;center&#8220; custom_margin=&#8220;0px|||&#8220; custom_padding=&#8220;75px|||&#8220; custom_padding_tablet=&#8220;10px||||false|false&#8220; custom_padding_phone=&#8220;0px||||false|false&#8220; custom_padding_last_edited=&#8220;on|tablet&#8220;][\/et_pb_image][et_pb_text _builder_version=&#8220;4.8.2&#8243;]<\/p>\n<p style=\"text-align: center;\"><a href=\"tel:+43\u00a0664 5279370\">+43\u00a0<span lang=\"DE\">664 5279370 <\/span><\/a><\/p>\n<p style=\"text-align: center;\">[\/et_pb_text][\/et_pb_column][et_pb_column type=&#8220;1_4&#8243; _builder_version=&#8220;3.25&#8243; custom_padding=&#8220;|||&#8220; custom_padding__hover=&#8220;|||&#8220;][et_pb_image src=&#8220;https:\/\/www.julia-linz-heilmasseurin.at\/wp-content\/uploads\/2021\/06\/JL_Map_Pin.jpg&#8220; title_text=&#8220;JL_Map_Pin&#8220; url=&#8220;https:\/\/goo.gl\/maps\/AzfBYpLmQvQ7vJwF7&#8243; align=&#8220;center&#8220; align_tablet=&#8220;center&#8220; align_phone=&#8220;&#8220; align_last_edited=&#8220;on|desktop&#8220; disabled_on=&#8220;on|on|on&#8220; admin_label=&#8220;Map Pin Desktop&#8220; _builder_version=&#8220;4.8.2&#8243; max_width=&#8220;42%&#8220; module_alignment=&#8220;center&#8220; custom_margin_tablet=&#8220;&#8220; custom_margin_phone=&#8220;&#8220; custom_margin_last_edited=&#8220;on|desktop&#8220; custom_padding=&#8220;75px||||false|false&#8220; disabled=&#8220;on&#8220;][\/et_pb_image][et_pb_image src=&#8220;https:\/\/www.julia-linz-heilmasseurin.at\/wp-content\/uploads\/2021\/06\/JL_Kuvert.jpg&#8220; alt=&#8220;Icon f\u00fcr Kuvert&#8220; title_text=&#8220;JL_Kuvert&#8220; align=&#8220;center&#8220; align_tablet=&#8220;center&#8220; align_phone=&#8220;&#8220; align_last_edited=&#8220;on|desktop&#8220; disabled_on=&#8220;on|on|off&#8220; admin_label=&#8220;Brief Desktop&#8220; _builder_version=&#8220;4.8.2&#8243; max_width=&#8220;42%&#8220; module_alignment=&#8220;center&#8220; custom_margin_tablet=&#8220;&#8220; custom_margin_phone=&#8220;&#8220; custom_margin_last_edited=&#8220;on|desktop&#8220; custom_padding=&#8220;75px||||false|false&#8220;][\/et_pb_image][et_pb_image src=&#8220;https:\/\/www.julia-linz-heilmasseurin.at\/wp-content\/uploads\/2021\/06\/JL_Map_Pin.jpg&#8220; title_text=&#8220;JL_Map_Pin&#8220; url=&#8220;https:\/\/goo.gl\/maps\/AzfBYpLmQvQ7vJwF7&#8243; align=&#8220;center&#8220; align_tablet=&#8220;center&#8220; align_phone=&#8220;&#8220; align_last_edited=&#8220;on|desktop&#8220; disabled_on=&#8220;on|on|on&#8220; admin_label=&#8220;Map Pin Tablet&#8220; _builder_version=&#8220;4.8.2&#8243; max_width=&#8220;42%&#8220; module_alignment=&#8220;center&#8220; custom_margin=&#8220;0px||||false|false&#8220; custom_margin_tablet=&#8220;&#8220; custom_margin_phone=&#8220;&#8220; custom_margin_last_edited=&#8220;on|desktop&#8220; custom_padding=&#8220;1px||||false|false&#8220; disabled=&#8220;on&#8220;][\/et_pb_image][et_pb_image src=&#8220;https:\/\/www.julia-linz-heilmasseurin.at\/wp-content\/uploads\/2021\/06\/JL_Kuvert.jpg&#8220; alt=&#8220;Icon f\u00fcr Kuvert&#8220; title_text=&#8220;JL_Kuvert&#8220; align=&#8220;center&#8220; align_tablet=&#8220;center&#8220; align_phone=&#8220;&#8220; align_last_edited=&#8220;on|desktop&#8220; disabled_on=&#8220;on|off|on&#8220; admin_label=&#8220;Brief Tablet&#8220; _builder_version=&#8220;4.8.2&#8243; max_width=&#8220;42%&#8220; module_alignment=&#8220;center&#8220; custom_margin=&#8220;0px||||false|false&#8220; custom_margin_tablet=&#8220;&#8220; custom_margin_phone=&#8220;&#8220; custom_margin_last_edited=&#8220;on|desktop&#8220; custom_padding=&#8220;15px||||false|false&#8220;][\/et_pb_image][et_pb_text _builder_version=&#8220;4.8.2&#8243; text_font=&#8220;||||||||&#8220; text_text_color=&#8220;#6c875e&#8220;]<\/p>\n<div style=\"text-align: center;\"><span lang=\"DE\">Schwarzengr\u00fcndgasse 14, <\/span><\/div>\n<div style=\"text-align: center;\"><span lang=\"DE\">2734 Puchberg am Schneeberg<\/span><\/div>\n<p>[\/et_pb_text][\/et_pb_column][\/et_pb_row][\/et_pb_section][et_pb_section fb_built=&#8220;1&#8243; disabled_on=&#8220;off|on|on&#8220; admin_label=&#8220;Sektion Kontakt Smartphone&#8220; _builder_version=&#8220;4.8.2&#8243; custom_padding=&#8220;40px|0px|1px|0px|false|false&#8220; global_module=&#8220;333&#8243; saved_tabs=&#8220;all&#8220;][et_pb_row _builder_version=&#8220;3.25&#8243; background_size=&#8220;initial&#8220; background_position=&#8220;top_left&#8220; background_repeat=&#8220;repeat&#8220; custom_padding=&#8220;6px|0|0|0px|false|false&#8220;][et_pb_column type=&#8220;4_4&#8243; _builder_version=&#8220;3.25&#8243; custom_padding=&#8220;|||&#8220; custom_padding__hover=&#8220;|||&#8220;][et_pb_text admin_label=&#8220;Kontakt &#8211; Desktop&#8220; _builder_version=&#8220;4.8.2&#8243; header_font=&#8220;||||||||&#8220; header_2_font=&#8220;||||||||&#8220; header_2_font_size=&#8220;25px&#8220; header_2_line_height=&#8220;1.2em&#8220;]<\/p>\n<h2>Kontaktieren Sie mich<\/h2>\n<p>[\/et_pb_text][et_pb_text _builder_version=&#8220;4.8.2&#8243; custom_margin=&#8220;||||false|false&#8220; custom_margin_tablet=&#8220;&#8220; custom_margin_phone=&#8220;&#8220; custom_margin_last_edited=&#8220;on|desktop&#8220; custom_padding=&#8220;0px||||false|false&#8220;]<\/p>\n<p style=\"text-align: justify;\">Sie interessieren sich f\u00fcr eine Behandlung?<br \/> Wenn Sie mehr \u00fcber den Ablauf und die M\u00f6glichkeiten von den f\u00fcr Sie in Frage kommenden Behandlungen wissen m\u00f6chten, kontaktieren Sie mich. Ich stehe Ihnen gerne zur Verf\u00fcgung.<\/p>\n<p style=\"text-align: justify;\">Rufen Sie mich f\u00fcr Ihre Anfrage oder Ihre pers\u00f6nliche Terminvereinbarung an:<br \/> <strong>Montag &#8211; Freitag 8.00 &#8211; 18.00 Uhr<\/strong><\/p>\n<p>Ich freue mich auf Ihren Anruf.<\/p>\n<p>Ihre Julia Linz<\/p>\n<p>&nbsp;<\/p>\n<p>[\/et_pb_text][et_pb_image src=&#8220;https:\/\/www.julia-linz-heilmasseurin.at\/wp-content\/uploads\/2021\/06\/JL_Handy.jpg&#8220; title_text=&#8220;JL_Handy&#8220; url=&#8220;tel:+436645279370&#8243; url_new_window=&#8220;on&#8220; align=&#8220;center&#8220; align_tablet=&#8220;center&#8220; align_phone=&#8220;&#8220; align_last_edited=&#8220;on|desktop&#8220; _builder_version=&#8220;4.8.2&#8243; max_width=&#8220;27%&#8220; module_alignment=&#8220;center&#8220; custom_margin=&#8220;0px|||&#8220; custom_padding=&#8220;15px||||false|false&#8220; custom_padding_tablet=&#8220;5px||||false|false&#8220; custom_padding_phone=&#8220;0px||||false|false&#8220; custom_padding_last_edited=&#8220;on|tablet&#8220;][\/et_pb_image][et_pb_text _builder_version=&#8220;4.8.2&#8243;]<\/p>\n<p style=\"text-align: center;\"><a href=\"tel:+43\u00a0664 5279370\">+43\u00a0<span lang=\"DE\">664 5279370 <\/span><\/a><\/p>\n<p style=\"text-align: center;\">[\/et_pb_text][et_pb_image src=&#8220;https:\/\/www.julia-linz-heilmasseurin.at\/wp-content\/uploads\/2021\/06\/JL_Map_Pin.jpg&#8220; title_text=&#8220;JL_Map_Pin&#8220; url=&#8220;https:\/\/goo.gl\/maps\/AzfBYpLmQvQ7vJwF7&#8243; align=&#8220;center&#8220; align_tablet=&#8220;center&#8220; align_phone=&#8220;&#8220; align_last_edited=&#8220;on|desktop&#8220; disabled_on=&#8220;on|on|on&#8220; admin_label=&#8220;Bild&#8220; _builder_version=&#8220;4.8.2&#8243; max_width=&#8220;42%&#8220; module_alignment=&#8220;center&#8220; custom_margin_tablet=&#8220;&#8220; custom_margin_phone=&#8220;&#8220; custom_margin_last_edited=&#8220;on|desktop&#8220; custom_padding=&#8220;10px||||false|false&#8220; disabled=&#8220;on&#8220;][\/et_pb_image][et_pb_image src=&#8220;https:\/\/www.julia-linz-heilmasseurin.at\/wp-content\/uploads\/2021\/06\/JL_Kuvert.jpg&#8220; alt=&#8220;Icon f\u00fcr Kuvert&#8220; title_text=&#8220;JL_Kuvert&#8220; align=&#8220;center&#8220; align_tablet=&#8220;center&#8220; align_phone=&#8220;&#8220; align_last_edited=&#8220;on|desktop&#8220; disabled_on=&#8220;off|on|on&#8220; admin_label=&#8220;Brief Handy&#8220; _builder_version=&#8220;4.8.2&#8243; max_width=&#8220;42%&#8220; module_alignment=&#8220;center&#8220; custom_margin_tablet=&#8220;&#8220; custom_margin_phone=&#8220;&#8220; custom_margin_last_edited=&#8220;on|desktop&#8220; custom_padding=&#8220;10px||||false|false&#8220;][\/et_pb_image][et_pb_text _builder_version=&#8220;4.8.2&#8243; text_font=&#8220;||||||||&#8220; text_text_color=&#8220;#6c875e&#8220; custom_margin=&#8220;||15px||false|false&#8220; custom_padding=&#8220;||||false|false&#8220;]<\/p>\n<div style=\"text-align: center;\"><span lang=\"DE\">Schwarzengr\u00fcndgasse 14, <\/span><\/div>\n<div style=\"text-align: center;\"><span lang=\"DE\">2734 Puchberg am Schneeberg<\/span><\/div>\n<p>[\/et_pb_text][\/et_pb_column][\/et_pb_row][\/et_pb_section]<\/p>\n","protected":false},"excerpt":{"rendered":"<p>[et_pb_section fb_built=&#8220;1&#8243; custom_padding_last_edited=&#8220;on|phone&#8220; _builder_version=&#8220;4.5.8&#8243; custom_margin=&#8220;||0px||false|false&#8220; custom_padding=&#8220;30px||0px||false|false&#8220; custom_padding_tablet=&#8220;15px||||false|false&#8220; custom_padding_phone=&#8220;&#8220;][et_pb_row _builder_version=&#8220;3.25&#8243; custom_margin=&#8220;||0px|&#8220; custom_padding=&#8220;0||0px||false|false&#8220;][et_pb_column type=&#8220;4_4&#8243; _builder_version=&#8220;3.25&#8243; custom_padding=&#8220;|||&#8220; custom_padding__hover=&#8220;|||&#8220;][et_pb_text _builder_version=&#8220;4.8.2&#8243;] Mein Angebot [\/et_pb_text][\/et_pb_column][\/et_pb_row][\/et_pb_section][et_pb_section fb_built=&#8220;1&#8243; disabled_on=&#8220;off|off|&#8220; admin_label=&#8220;Sektion Preise&#8220; module_id=&#8220;klapp-technik&#8220; _builder_version=&#8220;4.5.8&#8243; custom_padding=&#8220;2px|0px|2px|0px|false|false&#8220;][et_pb_row column_structure=&#8220;1_3,2_3&#8243; _builder_version=&#8220;4.8.2&#8243; _module_preset=&#8220;default&#8220;][et_pb_column type=&#8220;1_3&#8243; _builder_version=&#8220;4.8.2&#8243; _module_preset=&#8220;default&#8220;][et_pb_image src=&#8220;https:\/\/www.julia-linz-heilmasseurin.at\/wp-content\/uploads\/2021\/02\/Bild_1-scaled.jpg&#8220; title_text=&#8220;Bild_1&#8243; _builder_version=&#8220;4.8.2&#8243; _module_preset=&#8220;default&#8220;][\/et_pb_image][\/et_pb_column][et_pb_column type=&#8220;2_3&#8243; _builder_version=&#8220;4.8.2&#8243; _module_preset=&#8220;default&#8220;][et_pb_text admin_label=&#8220;Text Energetikerin&#8220; _builder_version=&#8220;4.8.2&#8243; header_4_font=&#8220;|700|||||||&#8220; header_4_text_color=&#8220;#6c875e&#8220; header_4_font_size=&#8220;16px&#8220;] Als Heilmasseurin unterst\u00fctze ich Sie auf dem Weg zu Ihrem [&hellip;]<\/p>\n","protected":false},"author":1,"featured_media":0,"parent":0,"menu_order":0,"comment_status":"closed","ping_status":"closed","template":"","meta":{"_et_pb_use_builder":"on","_et_pb_old_content":"","_et_gb_content_width":"","footnotes":""},"class_list":["post-12","page","type-page","status-publish","hentry"],"yoast_head":"<!-- This site is optimized with the Yoast SEO plugin v27.3 - https:\/\/yoast.com\/product\/yoast-seo-wordpress\/ -->\n<title>Angebot - Julia Linz - Heilmasseurin<\/title>\n<meta name=\"description\" content=\"Mein Angebot f\u00fcr Sie auf dem Weg zu Ihrem Wohlbefinden! Erfahren Sie mehr zu den Techniken und meiner T\u00e4tigkeit als Heilmasseurin.\" \/>\n<meta name=\"robots\" content=\"index, follow, max-snippet:-1, max-image-preview:large, max-video-preview:-1\" \/>\n<link rel=\"canonical\" href=\"https:\/\/www.julia-linz-heilmasseurin.at\/?page_id=12\" \/>\n<meta property=\"og:locale\" content=\"de_DE\" \/>\n<meta property=\"og:type\" content=\"article\" \/>\n<meta property=\"og:title\" content=\"Angebot - Julia Linz - Heilmasseurin\" \/>\n<meta property=\"og:description\" content=\"Mein Angebot f\u00fcr Sie auf dem Weg zu Ihrem Wohlbefinden! Erfahren Sie mehr zu den Techniken und meiner T\u00e4tigkeit als Heilmasseurin.\" \/>\n<meta property=\"og:url\" content=\"https:\/\/www.julia-linz-heilmasseurin.at\/?page_id=12\" \/>\n<meta property=\"og:site_name\" content=\"Julia Linz - Heilmasseurin\" \/>\n<meta property=\"article:modified_time\" content=\"2024-02-15T19:03:31+00:00\" \/>\n<meta name=\"twitter:card\" content=\"summary_large_image\" \/>\n<meta name=\"twitter:label1\" content=\"Gesch\u00e4tzte Lesezeit\" \/>\n\t<meta name=\"twitter:data1\" content=\"7\u00a0Minuten\" \/>\n<script type=\"application\/ld+json\" class=\"yoast-schema-graph\">{\"@context\":\"https:\\\/\\\/schema.org\",\"@graph\":[{\"@type\":\"WebPage\",\"@id\":\"https:\\\/\\\/www.julia-linz-heilmasseurin.at\\\/?page_id=12\",\"url\":\"https:\\\/\\\/www.julia-linz-heilmasseurin.at\\\/?page_id=12\",\"name\":\"Angebot - Julia Linz - Heilmasseurin\",\"isPartOf\":{\"@id\":\"https:\\\/\\\/www.julia-linz-heilmasseurin.at\\\/#website\"},\"datePublished\":\"2021-02-01T11:09:38+00:00\",\"dateModified\":\"2024-02-15T19:03:31+00:00\",\"description\":\"Mein Angebot f\u00fcr Sie auf dem Weg zu Ihrem Wohlbefinden! Erfahren Sie mehr zu den Techniken und meiner T\u00e4tigkeit als Heilmasseurin.\",\"breadcrumb\":{\"@id\":\"https:\\\/\\\/www.julia-linz-heilmasseurin.at\\\/?page_id=12#breadcrumb\"},\"inLanguage\":\"de\",\"potentialAction\":[{\"@type\":\"ReadAction\",\"target\":[\"https:\\\/\\\/www.julia-linz-heilmasseurin.at\\\/?page_id=12\"]}]},{\"@type\":\"BreadcrumbList\",\"@id\":\"https:\\\/\\\/www.julia-linz-heilmasseurin.at\\\/?page_id=12#breadcrumb\",\"itemListElement\":[{\"@type\":\"ListItem\",\"position\":1,\"name\":\"Startseite\",\"item\":\"https:\\\/\\\/www.julia-linz-heilmasseurin.at\\\/\"},{\"@type\":\"ListItem\",\"position\":2,\"name\":\"Angebot\"}]},{\"@type\":\"WebSite\",\"@id\":\"https:\\\/\\\/www.julia-linz-heilmasseurin.at\\\/#website\",\"url\":\"https:\\\/\\\/www.julia-linz-heilmasseurin.at\\\/\",\"name\":\"Julia Linz - Heilmasseurin\",\"description\":\"F\u00fcr Ihr Wohlbefinden\",\"publisher\":{\"@id\":\"https:\\\/\\\/www.julia-linz-heilmasseurin.at\\\/#\\\/schema\\\/person\\\/48d458455a16a3010e5dd108b3031306\"},\"potentialAction\":[{\"@type\":\"SearchAction\",\"target\":{\"@type\":\"EntryPoint\",\"urlTemplate\":\"https:\\\/\\\/www.julia-linz-heilmasseurin.at\\\/?s={search_term_string}\"},\"query-input\":{\"@type\":\"PropertyValueSpecification\",\"valueRequired\":true,\"valueName\":\"search_term_string\"}}],\"inLanguage\":\"de\"},{\"@type\":[\"Person\",\"Organization\"],\"@id\":\"https:\\\/\\\/www.julia-linz-heilmasseurin.at\\\/#\\\/schema\\\/person\\\/48d458455a16a3010e5dd108b3031306\",\"name\":\"Julia Linz\",\"image\":{\"@type\":\"ImageObject\",\"inLanguage\":\"de\",\"@id\":\"https:\\\/\\\/secure.gravatar.com\\\/avatar\\\/3d5fd57f51ca954461691ac2ec81cdddf3c7ee5e8bf87eefe4530a3ed7499540?s=96&d=mm&r=g\",\"url\":\"https:\\\/\\\/secure.gravatar.com\\\/avatar\\\/3d5fd57f51ca954461691ac2ec81cdddf3c7ee5e8bf87eefe4530a3ed7499540?s=96&d=mm&r=g\",\"contentUrl\":\"https:\\\/\\\/secure.gravatar.com\\\/avatar\\\/3d5fd57f51ca954461691ac2ec81cdddf3c7ee5e8bf87eefe4530a3ed7499540?s=96&d=mm&r=g\",\"caption\":\"Julia Linz\"},\"logo\":{\"@id\":\"https:\\\/\\\/secure.gravatar.com\\\/avatar\\\/3d5fd57f51ca954461691ac2ec81cdddf3c7ee5e8bf87eefe4530a3ed7499540?s=96&d=mm&r=g\"}}]}<\/script>\n<!-- \/ Yoast SEO plugin. -->","yoast_head_json":{"title":"Angebot - Julia Linz - Heilmasseurin","description":"Mein Angebot f\u00fcr Sie auf dem Weg zu Ihrem Wohlbefinden! Erfahren Sie mehr zu den Techniken und meiner T\u00e4tigkeit als Heilmasseurin.","robots":{"index":"index","follow":"follow","max-snippet":"max-snippet:-1","max-image-preview":"max-image-preview:large","max-video-preview":"max-video-preview:-1"},"canonical":"https:\/\/www.julia-linz-heilmasseurin.at\/?page_id=12","og_locale":"de_DE","og_type":"article","og_title":"Angebot - Julia Linz - Heilmasseurin","og_description":"Mein Angebot f\u00fcr Sie auf dem Weg zu Ihrem Wohlbefinden! Erfahren Sie mehr zu den Techniken und meiner T\u00e4tigkeit als Heilmasseurin.","og_url":"https:\/\/www.julia-linz-heilmasseurin.at\/?page_id=12","og_site_name":"Julia Linz - Heilmasseurin","article_modified_time":"2024-02-15T19:03:31+00:00","twitter_card":"summary_large_image","twitter_misc":{"Gesch\u00e4tzte Lesezeit":"7\u00a0Minuten"},"schema":{"@context":"https:\/\/schema.org","@graph":[{"@type":"WebPage","@id":"https:\/\/www.julia-linz-heilmasseurin.at\/?page_id=12","url":"https:\/\/www.julia-linz-heilmasseurin.at\/?page_id=12","name":"Angebot - Julia Linz - Heilmasseurin","isPartOf":{"@id":"https:\/\/www.julia-linz-heilmasseurin.at\/#website"},"datePublished":"2021-02-01T11:09:38+00:00","dateModified":"2024-02-15T19:03:31+00:00","description":"Mein Angebot f\u00fcr Sie auf dem Weg zu Ihrem Wohlbefinden! Erfahren Sie mehr zu den Techniken und meiner T\u00e4tigkeit als Heilmasseurin.","breadcrumb":{"@id":"https:\/\/www.julia-linz-heilmasseurin.at\/?page_id=12#breadcrumb"},"inLanguage":"de","potentialAction":[{"@type":"ReadAction","target":["https:\/\/www.julia-linz-heilmasseurin.at\/?page_id=12"]}]},{"@type":"BreadcrumbList","@id":"https:\/\/www.julia-linz-heilmasseurin.at\/?page_id=12#breadcrumb","itemListElement":[{"@type":"ListItem","position":1,"name":"Startseite","item":"https:\/\/www.julia-linz-heilmasseurin.at\/"},{"@type":"ListItem","position":2,"name":"Angebot"}]},{"@type":"WebSite","@id":"https:\/\/www.julia-linz-heilmasseurin.at\/#website","url":"https:\/\/www.julia-linz-heilmasseurin.at\/","name":"Julia Linz - Heilmasseurin","description":"F\u00fcr Ihr Wohlbefinden","publisher":{"@id":"https:\/\/www.julia-linz-heilmasseurin.at\/#\/schema\/person\/48d458455a16a3010e5dd108b3031306"},"potentialAction":[{"@type":"SearchAction","target":{"@type":"EntryPoint","urlTemplate":"https:\/\/www.julia-linz-heilmasseurin.at\/?s={search_term_string}"},"query-input":{"@type":"PropertyValueSpecification","valueRequired":true,"valueName":"search_term_string"}}],"inLanguage":"de"},{"@type":["Person","Organization"],"@id":"https:\/\/www.julia-linz-heilmasseurin.at\/#\/schema\/person\/48d458455a16a3010e5dd108b3031306","name":"Julia Linz","image":{"@type":"ImageObject","inLanguage":"de","@id":"https:\/\/secure.gravatar.com\/avatar\/3d5fd57f51ca954461691ac2ec81cdddf3c7ee5e8bf87eefe4530a3ed7499540?s=96&d=mm&r=g","url":"https:\/\/secure.gravatar.com\/avatar\/3d5fd57f51ca954461691ac2ec81cdddf3c7ee5e8bf87eefe4530a3ed7499540?s=96&d=mm&r=g","contentUrl":"https:\/\/secure.gravatar.com\/avatar\/3d5fd57f51ca954461691ac2ec81cdddf3c7ee5e8bf87eefe4530a3ed7499540?s=96&d=mm&r=g","caption":"Julia Linz"},"logo":{"@id":"https:\/\/secure.gravatar.com\/avatar\/3d5fd57f51ca954461691ac2ec81cdddf3c7ee5e8bf87eefe4530a3ed7499540?s=96&d=mm&r=g"}}]}},"_links":{"self":[{"href":"https:\/\/www.julia-linz-heilmasseurin.at\/index.php?rest_route=\/wp\/v2\/pages\/12","targetHints":{"allow":["GET"]}}],"collection":[{"href":"https:\/\/www.julia-linz-heilmasseurin.at\/index.php?rest_route=\/wp\/v2\/pages"}],"about":[{"href":"https:\/\/www.julia-linz-heilmasseurin.at\/index.php?rest_route=\/wp\/v2\/types\/page"}],"author":[{"embeddable":true,"href":"https:\/\/www.julia-linz-heilmasseurin.at\/index.php?rest_route=\/wp\/v2\/users\/1"}],"replies":[{"embeddable":true,"href":"https:\/\/www.julia-linz-heilmasseurin.at\/index.php?rest_route=%2Fwp%2Fv2%2Fcomments&post=12"}],"version-history":[{"count":38,"href":"https:\/\/www.julia-linz-heilmasseurin.at\/index.php?rest_route=\/wp\/v2\/pages\/12\/revisions"}],"predecessor-version":[{"id":494,"href":"https:\/\/www.julia-linz-heilmasseurin.at\/index.php?rest_route=\/wp\/v2\/pages\/12\/revisions\/494"}],"wp:attachment":[{"href":"https:\/\/www.julia-linz-heilmasseurin.at\/index.php?rest_route=%2Fwp%2Fv2%2Fmedia&parent=12"}],"curies":[{"name":"wp","href":"https:\/\/api.w.org\/{rel}","templated":true}]}}